{"id":7,"date":"2020-08-22T20:03:28","date_gmt":"2020-08-22T20:03:28","guid":{"rendered":"http:\/\/viajesmegumi.com\/?page_id=7"},"modified":"2021-02-20T22:42:50","modified_gmt":"2021-02-20T22:42:50","slug":"acerca-de","status":"publish","type":"page","link":"https:\/\/viajesmegumi.com\/index.php\/acerca-de\/","title":{"rendered":"Acerca de"},"content":{"rendered":"\n<p>Operadora mayorista en viajes con m\u00e1s de 20 a\u00f1os de experiencia en viajes a la medida ajust\u00e1ndonos a las necesidades particulares de cada viajero.<\/p>\n\n\n\n<p>As\u00ed sea un viaje corto de placer, una Luna de Miel o alguna otra conmemoraci\u00f3n siempre buscaremos la mejor opci\u00f3n y que realice su viaje de ensue\u00f1o.<\/p>\n","protected":false},"excerpt":{"rendered":"<p>Operadora mayorista en viajes con m\u00e1s de 20 a\u00f1os de experiencia en viajes a la medida ajust\u00e1ndonos a las necesidades particulares de cada viajero. As\u00ed sea un viaje corto de placer, una Luna de Miel o alguna otra conmemoraci\u00f3n siempre buscaremos la mejor opci\u00f3n y &hellip; <\/p>\n","protected":false},"author":1,"featured_media":0,"parent":0,"menu_order":0,"comment_status":"closed","ping_status":"closed","template":"","meta":[],"_links":{"self":[{"href":"https:\/\/viajesmegumi.com\/index.php\/wp-json\/wp\/v2\/pages\/7"}],"collection":[{"href":"https:\/\/viajesmegumi.com\/index.php\/wp-json\/wp\/v2\/pages"}],"about":[{"href":"https:\/\/viajesmegumi.com\/index.php\/wp-json\/wp\/v2\/types\/page"}],"author":[{"embeddable":true,"href":"https:\/\/viajesmegumi.com\/index.php\/wp-json\/wp\/v2\/users\/1"}],"replies":[{"embeddable":true,"href":"https:\/\/viajesmegumi.com\/index.php\/wp-json\/wp\/v2\/comments?post=7"}],"version-history":[{"count":2,"href":"https:\/\/viajesmegumi.com\/index.php\/wp-json\/wp\/v2\/pages\/7\/revisions"}],"predecessor-version":[{"id":100,"href":"https:\/\/viajesmegumi.com\/index.php\/wp-json\/wp\/v2\/pages\/7\/revisions\/100"}],"wp:attachment":[{"href":"https:\/\/viajesmegumi.com\/index.php\/wp-json\/wp\/v2\/media?parent=7"}],"curies":[{"name":"wp","href":"https:\/\/api.w.org\/{rel}","templated":true}]}}